{"id":8803,"date":"2018-10-09T10:33:20","date_gmt":"2018-10-09T08:33:20","guid":{"rendered":"https:\/\/www.rapidbiomed.de\/?page_id=8803"},"modified":"2023-05-15T15:17:03","modified_gmt":"2023-05-15T13:17:03","slug":"impressum","status":"publish","type":"page","link":"https:\/\/www.rapidbiomed.de\/de\/impressum\/","title":{"rendered":"Impressum"},"content":{"rendered":"<p>Danke f\u00fcr Ihren Besuch der RAPID Biomedical Webseite.<\/p>\n<p>Verantwortlich i.S.d. \u00a76 MDStV &amp; 6 TDG<\/p>\n<div><p><strong>RAPID Biomedical GmbH<\/strong><br \/>\nKettelerstrasse 3-11<br \/>\n97222 Rimpar<\/p>\n<p><strong>Telefon:<\/strong> + 49 (0) 9365 \/ 88 26 - 0<br \/>\n<strong>Telefax:<\/strong> + 49 (0) 9365 \/ 88 26 - 99<\/p>\n<p><a href=\"mailto:info@rapidbiomed.de\">info@rapidbiomed.de<\/a><br \/>\nwww.rapidbiomed.de<\/p>\n<p><span style=\"color: #d6dee3;\">F\u00fcr USA, Kanada und S\u00fcdamerika kontaktieren Sie bitte unsere Schwesterfirma <a style=\"color: #d6dee3;\" href=\"http:\/\/www.rapidmri.com\/\" target=\"_blank\" rel=\"noopener\">RAPID\u00a0MR\u00a0International<\/a>.<\/span><br \/>\n<span style=\"color: #d6dee3;\">Informieren Sie sich \u00fcber unseren strategischen Partner <a style=\"color: #d6dee3;\" href=\"http:\/\/fastrongroup.com\/home\" target=\"_blank\" rel=\"noopener\">Fastron\u00a0Group<\/a>.<\/span><\/p>\n<\/div>\n<p><strong>Vertreten durch<\/strong><br \/>\nDr. Florian Odoj<br \/>\nManaging Director<\/p>\n<p>Registergericht W\u00fcrzburg HRB 6495<br \/>\nVAT- \/Ust-ID DE 199 413 294 \u00a0| WEEE-Reg.-No. DE 40561382 | LUCID-ID DE3736514362572<\/p>\n<p><strong>Redaktion<\/strong><br \/>\nDr. Florian Odoj<\/p>\n<p><strong>Realisation<\/strong><br \/>\n<a href=\"http:\/\/smma.de\/\" target=\"_blank\" rel=\"noopener noreferrer\">softwerk Multimedia Agentur <\/a>\u2013 W\u00fcrzburg<\/p>\n<p><strong>Datenschutz<\/strong><\/p>\n<p>Beachten Sie bitte unsere separate <a href=\"https:\/\/www.rapidbiomed.de\/de\/impressum\/datenschutzerklaerung\/\">Datenschutzerkl\u00e4rung<\/a>.<\/p>\n<p>&nbsp;<\/p>\n<h4>Disclaimer<\/h4>\n<p><strong>Haftung f\u00fcr Inhalte<\/strong><\/p>\n<p>Die Inhalte unserer Seiten wurden mit gr\u00f6\u00dfter Sorgfalt erstellt. F\u00fcr die Richtigkeit, Vollst\u00e4ndigkeit und Aktualit\u00e4t der Inhalte k\u00f6nnen wir jedoch keine Gew\u00e4hr \u00fcbernehmen. Als Diensteanbieter sind wir gem\u00e4\u00df \u00a7 7 Abs.1 TMG f\u00fcr eigene Inhalte auf diesen Seiten nach den allgemeinen Gesetzen verantwortlich. Nach \u00a7\u00a7 8 bis 10 TMG sind wir als Diensteanbieter jedoch nicht verpflichtet, \u00fcbermittelte oder gespeicherte fremde Informationen zu \u00fcberwachen oder nach Umst\u00e4nden zu forschen, die auf eine rechtswidrige T\u00e4tigkeit hinweisen. Verpflichtungen zur Entfernung oder Sperrung der Nutzung von Informationen nach den allgemeinen Gesetzen bleiben hiervon unber\u00fchrt. Eine diesbez\u00fcgliche Haftung ist jedoch erst ab dem Zeitpunkt der Kenntnis einer konkreten Rechtsverletzung m\u00f6glich. Bei Bekanntwerden von entsprechenden Rechtsverletzungen werden wir diese Inhalte umgehend entfernen.<\/p>\n<p><strong>Haftung f\u00fcr Links<\/strong><\/p>\n<p>Unser Angebot enth\u00e4lt Links zu externen Webseiten Dritter, auf deren Inhalte wir keinen Einfluss haben. Deshalb k\u00f6nnen wir f\u00fcr diese fremden Inhalte auch keine Gew\u00e4hr \u00fcbernehmen. F\u00fcr die Inhalte der verlinkten Seiten ist stets der jeweilige Anbieter oder Betreiber der Seiten verantwortlich. Die verlinkten Seiten wurden zum Zeitpunkt der Verlinkung auf m\u00f6gliche Rechtsverst\u00f6\u00dfe \u00fcberpr\u00fcft. Rechtswidrige Inhalte waren zum Zeitpunkt der Verlinkung nicht erkennbar. Eine permanente inhaltliche Kontrolle der verlinkten Seiten ist jedoch ohne konkrete Anhaltspunkte einer Rechtsverletzung nicht zumutbar. Bei Bekanntwerden von Rechtsverletzungen werden wir derartige Links umgehend entfernen.<\/p>\n<p><strong>Urheberrecht<\/strong><\/p>\n<p>Die durch die Seitenbetreiber erstellten Inhalte und Werke auf diesen Seiten unterliegen dem deutschen Urheberrecht. Die Vervielf\u00e4ltigung, Bearbeitung, Verbreitung und jede Art der Verwertung au\u00dferhalb der Grenzen des Urheberrechtes bed\u00fcrfen der schriftlichen Zustimmung des jeweiligen Autors bzw. Erstellers. Downloads und Kopien dieser Seite sind nur f\u00fcr den privaten, nicht kommerziellen Gebrauch gestattet. Soweit die Inhalte auf dieser Seite nicht vom Betreiber erstellt wurden, werden die Urheberrechte Dritter beachtet. Insbesondere werden Inhalte Dritter als solche gekennzeichnet. Sollten Sie trotzdem auf eine Urheberrechtsverletzung aufmerksam werden, bitten wir um einen entsprechenden Hinweis. Bei Bekanntwerden von Rechtsverletzungen werden wir derartige Inhalte umgehend entfernen.<\/p>\n<p><strong>Datenschutz<\/strong><\/p>\n<p>Die Nutzung unserer Webseite ist in der Regel ohne Angabe personenbezogener Daten m\u00f6glich. Soweit auf unseren Seiten personenbezogene Daten (beispielsweise Name, Anschrift oder eMail-Adressen) erhoben werden, erfolgt dies, soweit m\u00f6glich, stets auf freiwilliger Basis. Diese Daten werden ohne Ihre ausdr\u00fcckliche Zustimmung nicht an Dritte weitergegeben.<\/p>\n<p>Wir weisen darauf hin, dass die Daten\u00fcbertragung im Internet (z.B. bei der Kommunikation per E-Mail) Sicherheitsl\u00fccken aufweisen kann. Ein l\u00fcckenloser Schutz der Daten vor dem Zugriff durch Dritte ist nicht m\u00f6glich.<\/p>\n<p>Der Nutzung von im Rahmen der Impressumspflicht ver\u00f6ffentlichten Kontaktdaten durch Dritte zur \u00dcbersendung von nicht ausdr\u00fccklich angeforderter Werbung und Informationsmaterialien wird hiermit ausdr\u00fccklich widersprochen. Die Betreiber der Seiten behalten sich ausdr\u00fccklich rechtliche Schritte im Falle der unverlangten Zusendung von Werbeinformationen, etwa durch Spam-Mails, vor.<\/p>\n","protected":false},"excerpt":{"rendered":"<p>Danke f\u00fcr Ihren Besuch der RAPID Biomedical Webseite. Verantwortlich i.S.d. \u00a76 MDStV &amp; 6 TDG Vertreten durch Dr. Florian Odoj Managing Director Registergericht W\u00fcrzburg HRB 6495 VAT- \/Ust-ID DE 199 413 294 \u00a0| WEEE-Reg.-No. DE 40561382 | LUCID-ID DE3736514362572 Redaktion Dr. Florian Odoj Realisation softwerk Multimedia Agentur \u2013 W\u00fcrzburg Datenschutz Beachten Sie bitte unsere separate [&hellip;]<\/p>\n","protected":false},"author":1,"featured_media":0,"parent":0,"menu_order":0,"comment_status":"closed","ping_status":"open","template":"","meta":{"_acf_changed":false,"footnotes":""},"class_list":["post-8803","page","type-page","status-publish","czr-hentry"],"acf":[],"publishpress_future_workflow_manual_trigger":{"enabledWorkflows":[]},"_links":{"self":[{"href":"https:\/\/www.rapidbiomed.de\/de\/wp-json\/wp\/v2\/pages\/8803","targetHints":{"allow":["GET"]}}],"collection":[{"href":"https:\/\/www.rapidbiomed.de\/de\/wp-json\/wp\/v2\/pages"}],"about":[{"href":"https:\/\/www.rapidbiomed.de\/de\/wp-json\/wp\/v2\/types\/page"}],"author":[{"embeddable":true,"href":"https:\/\/www.rapidbiomed.de\/de\/wp-json\/wp\/v2\/users\/1"}],"replies":[{"embeddable":true,"href":"https:\/\/www.rapidbiomed.de\/de\/wp-json\/wp\/v2\/comments?post=8803"}],"version-history":[{"count":13,"href":"https:\/\/www.rapidbiomed.de\/de\/wp-json\/wp\/v2\/pages\/8803\/revisions"}],"predecessor-version":[{"id":18534,"href":"https:\/\/www.rapidbiomed.de\/de\/wp-json\/wp\/v2\/pages\/8803\/revisions\/18534"}],"wp:attachment":[{"href":"https:\/\/www.rapidbiomed.de\/de\/wp-json\/wp\/v2\/media?parent=8803"}],"curies":[{"name":"wp","href":"https:\/\/api.w.org\/{rel}","templated":true}]}}