{"id":8192,"date":"2018-10-01T18:06:05","date_gmt":"2018-10-01T16:06:05","guid":{"rendered":"https:\/\/www.rapidbiomed.de\/?page_id=8192"},"modified":"2018-10-01T18:06:05","modified_gmt":"2018-10-01T16:06:05","slug":"rapid-biomedical-in-der-fastron-gruppe","status":"publish","type":"page","link":"https:\/\/www.rapidbiomed.de\/de\/rapid-biomedical-in-der-fastron-gruppe\/","title":{"rendered":"RAPID Biomedical in der FASTRON-Gruppe"},"content":{"rendered":"<p>Seit Juli 2015 ist Herr Felix Faskerty, Hauptgesellschafter der familiengef\u00fchrten Unternehmensgruppe FASTRON mit Standorten in Deutschland, Malaysia und Ungarn der Eigent\u00fcmer von RAPID Biomedical.<\/p>\n<p>Das 1978 gegr\u00fcndete Unternehmen FASTRON produziert im Bereich Induktivit\u00e4ten und Spulen f\u00fcr Medizintechnik, elektrotechnische Anwendungen in der Hochfrequenz- und Stromversorgung sowie in der Automotive- und Licht-Industrie. \u00a0\u201eRAPID Biomedical erg\u00e4nzt unser Produktsortiment und verschafft uns die M\u00f6glichkeit unseren Kunden einmalige Produktinnovationen anzubieten. Die Standorte Rimpar in Unterfranken und Ohio, USA waren f\u00fcr uns wichtige Elemente f\u00fcr die Entscheidung\u201c, so FASTRON-Chef Faskerty.<\/p>\n<p>Mehr Informationen \u00fcber die FASTRON-Gruppe und deren Produkte erhalten Sie unter <a title=\"Fastron-Gruppe\" href=\"http:\/\/fastrongroup.com\/home\" target=\"_blank\" rel=\"noopener\">www.fastrongroup.com<\/a>.<\/p>\n","protected":false},"excerpt":{"rendered":"<p>Seit Juli 2015 ist Herr Felix Faskerty, Hauptgesellschafter der familiengef\u00fchrten Unternehmensgruppe FASTRON mit Standorten in Deutschland, Malaysia und Ungarn der Eigent\u00fcmer von RAPID Biomedical. Das 1978 gegr\u00fcndete Unternehmen FASTRON produziert im Bereich Induktivit\u00e4ten und Spulen f\u00fcr Medizintechnik, elektrotechnische Anwendungen in der Hochfrequenz- und Stromversorgung sowie in der Automotive- und Licht-Industrie. \u00a0\u201eRAPID Biomedical erg\u00e4nzt unser Produktsortiment [&hellip;]<\/p>\n","protected":false},"author":1,"featured_media":0,"parent":0,"menu_order":0,"comment_status":"closed","ping_status":"open","template":"","meta":{"_acf_changed":false,"footnotes":""},"class_list":["post-8192","page","type-page","status-publish","czr-hentry"],"acf":[],"publishpress_future_workflow_manual_trigger":{"enabledWorkflows":[]},"_links":{"self":[{"href":"https:\/\/www.rapidbiomed.de\/de\/wp-json\/wp\/v2\/pages\/8192","targetHints":{"allow":["GET"]}}],"collection":[{"href":"https:\/\/www.rapidbiomed.de\/de\/wp-json\/wp\/v2\/pages"}],"about":[{"href":"https:\/\/www.rapidbiomed.de\/de\/wp-json\/wp\/v2\/types\/page"}],"author":[{"embeddable":true,"href":"https:\/\/www.rapidbiomed.de\/de\/wp-json\/wp\/v2\/users\/1"}],"replies":[{"embeddable":true,"href":"https:\/\/www.rapidbiomed.de\/de\/wp-json\/wp\/v2\/comments?post=8192"}],"version-history":[{"count":1,"href":"https:\/\/www.rapidbiomed.de\/de\/wp-json\/wp\/v2\/pages\/8192\/revisions"}],"predecessor-version":[{"id":8193,"href":"https:\/\/www.rapidbiomed.de\/de\/wp-json\/wp\/v2\/pages\/8192\/revisions\/8193"}],"wp:attachment":[{"href":"https:\/\/www.rapidbiomed.de\/de\/wp-json\/wp\/v2\/media?parent=8192"}],"curies":[{"name":"wp","href":"https:\/\/api.w.org\/{rel}","templated":true}]}}