{"id":8183,"date":"2018-10-01T17:58:57","date_gmt":"2018-10-01T15:58:57","guid":{"rendered":"https:\/\/www.rapidbiomed.de\/?page_id=8183"},"modified":"2026-02-10T09:44:24","modified_gmt":"2026-02-10T08:44:24","slug":"qualitaetsmanagement","status":"publish","type":"page","link":"https:\/\/www.rapidbiomed.de\/de\/das-unternehmen\/qualitaetsmanagement\/","title":{"rendered":"Qualit\u00e4tsmanagement"},"content":{"rendered":"<p>Das RAPID Biomedical Qualit\u00e4tsmanagementsystem stellt sicher, dass die gesetzlichen und normativen Anforderungen erf\u00fcllt werden, um sichere und effektive Medizinprodukte in hoher Qualit\u00e4t zu entwickeln, herzustellen und in Verkehr zu bringen.<\/p>\n<ul class=\"pdf\">\n<li><a href=\"https:\/\/www.rapidbiomed.de\/wp-content\/uploads\/2026\/02\/EU-Certificat-MDR-en-2031-02-11.pdf\" target=\"_blank\" rel=\"noopener\">Zertifikat MDR 2017\/745<\/a><\/li>\n<li><a href=\"https:\/\/www.rapidbiomed.de\/wp-content\/uploads\/2025\/02\/Certificate-EN-ISO-13485-EN-2028-02-28.pdf\" target=\"_blank\" rel=\"noopener noreferrer\">Zertifikat DE ISO 13485:2016<\/a><\/li>\n<li><a title=\"CMDCAS\" href=\"https:\/\/www.rapidbiomed.de\/wp-content\/uploads\/2025\/02\/MDSAP-2028-02-21.pdf\" target=\"_blank\" rel=\"noopener noreferrer\">Zertifikat MDSAP<\/a><\/li>\n<\/ul>\n<p>RAPID Biomedical ist Ihr kompetenter Partner f\u00fcr MR-Anwendungen.<\/p>\n","protected":false},"excerpt":{"rendered":"<p>Das RAPID Biomedical Qualit\u00e4tsmanagementsystem stellt sicher, dass die gesetzlichen und normativen Anforderungen erf\u00fcllt werden, um sichere und effektive Medizinprodukte in hoher Qualit\u00e4t zu entwickeln, herzustellen und in Verkehr zu bringen. Zertifikat MDR 2017\/745 Zertifikat DE ISO 13485:2016 Zertifikat MDSAP RAPID Biomedical ist Ihr kompetenter Partner f\u00fcr MR-Anwendungen.<\/p>\n","protected":false},"author":1,"featured_media":0,"parent":8177,"menu_order":0,"comment_status":"closed","ping_status":"open","template":"","meta":{"_acf_changed":false,"footnotes":""},"class_list":["post-8183","page","type-page","status-publish","czr-hentry"],"acf":[],"publishpress_future_workflow_manual_trigger":{"enabledWorkflows":[]},"_links":{"self":[{"href":"https:\/\/www.rapidbiomed.de\/de\/wp-json\/wp\/v2\/pages\/8183","targetHints":{"allow":["GET"]}}],"collection":[{"href":"https:\/\/www.rapidbiomed.de\/de\/wp-json\/wp\/v2\/pages"}],"about":[{"href":"https:\/\/www.rapidbiomed.de\/de\/wp-json\/wp\/v2\/types\/page"}],"author":[{"embeddable":true,"href":"https:\/\/www.rapidbiomed.de\/de\/wp-json\/wp\/v2\/users\/1"}],"replies":[{"embeddable":true,"href":"https:\/\/www.rapidbiomed.de\/de\/wp-json\/wp\/v2\/comments?post=8183"}],"version-history":[{"count":26,"href":"https:\/\/www.rapidbiomed.de\/de\/wp-json\/wp\/v2\/pages\/8183\/revisions"}],"predecessor-version":[{"id":20264,"href":"https:\/\/www.rapidbiomed.de\/de\/wp-json\/wp\/v2\/pages\/8183\/revisions\/20264"}],"up":[{"embeddable":true,"href":"https:\/\/www.rapidbiomed.de\/de\/wp-json\/wp\/v2\/pages\/8177"}],"wp:attachment":[{"href":"https:\/\/www.rapidbiomed.de\/de\/wp-json\/wp\/v2\/media?parent=8183"}],"curies":[{"name":"wp","href":"https:\/\/api.w.org\/{rel}","templated":true}]}}