{"id":8175,"date":"2018-10-01T17:51:56","date_gmt":"2018-10-01T15:51:56","guid":{"rendered":"https:\/\/www.rapidbiomed.de\/?page_id=8175"},"modified":"2024-03-06T10:01:21","modified_gmt":"2024-03-06T09:01:21","slug":"produkte","status":"publish","type":"page","link":"https:\/\/www.rapidbiomed.de\/de\/produkte\/","title":{"rendered":"Produkte"},"content":{"rendered":"<p>Die RAPID Biomedical-Produktpalette f\u00fcr MR Spulen umfasst Spulen und Arrays f\u00fcr Protonen- und X-Kernstudien in vielf\u00e4ltigen Varianten, wie zum Beispiel Volumenresonatoren. Einsatz beim Mensch f\u00fcr Kopf, Lunge oder Extremit\u00e4ten, Oberfl\u00e4chenspulen f\u00fcr Nacken, Hals, Herz oder Leber, und anderes. Tierspulen f\u00fcr Studien am M\u00e4useknie bis zum Schwein.<\/p>\n<p>Hinweis: Bitte beachten Sie, da\u00df unsere <a href=\"https:\/\/www.rapidbiomed.de\/products\/\">Produkte nur in englischer Sprache<\/a> dargestellt werden. Sie werden deshalb in K\u00fcrze auf die englische Seite weitergeleitet.<\/p>\n","protected":false},"excerpt":{"rendered":"<p>Die RAPID Biomedical-Produktpalette f\u00fcr MR Spulen umfasst Spulen und Arrays f\u00fcr Protonen- und X-Kernstudien in vielf\u00e4ltigen Varianten, wie zum Beispiel Volumenresonatoren. Einsatz beim Mensch f\u00fcr Kopf, Lunge oder Extremit\u00e4ten, Oberfl\u00e4chenspulen f\u00fcr Nacken, Hals, Herz oder Leber, und anderes. Tierspulen f\u00fcr Studien am M\u00e4useknie bis zum Schwein. Hinweis: Bitte beachten Sie, da\u00df unsere Produkte nur in [&hellip;]<\/p>\n","protected":false},"author":1,"featured_media":13469,"parent":0,"menu_order":0,"comment_status":"closed","ping_status":"open","template":"products-index.php","meta":{"_acf_changed":false,"footnotes":""},"class_list":["post-8175","page","type-page","status-publish","has-post-thumbnail","czr-hentry"],"acf":[],"publishpress_future_workflow_manual_trigger":{"enabledWorkflows":[]},"_links":{"self":[{"href":"https:\/\/www.rapidbiomed.de\/de\/wp-json\/wp\/v2\/pages\/8175","targetHints":{"allow":["GET"]}}],"collection":[{"href":"https:\/\/www.rapidbiomed.de\/de\/wp-json\/wp\/v2\/pages"}],"about":[{"href":"https:\/\/www.rapidbiomed.de\/de\/wp-json\/wp\/v2\/types\/page"}],"author":[{"embeddable":true,"href":"https:\/\/www.rapidbiomed.de\/de\/wp-json\/wp\/v2\/users\/1"}],"replies":[{"embeddable":true,"href":"https:\/\/www.rapidbiomed.de\/de\/wp-json\/wp\/v2\/comments?post=8175"}],"version-history":[{"count":6,"href":"https:\/\/www.rapidbiomed.de\/de\/wp-json\/wp\/v2\/pages\/8175\/revisions"}],"predecessor-version":[{"id":19261,"href":"https:\/\/www.rapidbiomed.de\/de\/wp-json\/wp\/v2\/pages\/8175\/revisions\/19261"}],"wp:featuredmedia":[{"embeddable":true,"href":"https:\/\/www.rapidbiomed.de\/de\/wp-json\/wp\/v2\/media\/13469"}],"wp:attachment":[{"href":"https:\/\/www.rapidbiomed.de\/de\/wp-json\/wp\/v2\/media?parent=8175"}],"curies":[{"name":"wp","href":"https:\/\/api.w.org\/{rel}","templated":true}]}}