{"id":8173,"date":"2018-10-01T17:51:29","date_gmt":"2018-10-01T15:51:29","guid":{"rendered":"https:\/\/www.rapidbiomed.de\/?page_id=8173"},"modified":"2022-05-02T10:28:53","modified_gmt":"2022-05-02T08:28:53","slug":"mr-coils-made-to-measure","status":"publish","type":"page","link":"https:\/\/www.rapidbiomed.de\/de\/","title":{"rendered":"MR Coils \u2013 Made to Measure"},"content":{"rendered":"<p>Mehr als 1200 verschiedene Spulendesigns geliefert in mehr als 30 L\u00e4nder der Welt, Kompatibilit\u00e4t mit allen g\u00e4ngigen MR-Systemen, fundierte Erfahrung aus \u00fcber 20 Jahren Firmengeschichte in der Entwicklung und Herstellung von Volumenresonatoren, Oberfl\u00e4chenspulen und Phased Arrays f\u00fcr Niederfeldsysteme \u00fcber 9,4 T UHF Human- bis hin zu 21 T pr\u00e4klinischen NMR-Systemen, Nicht-Protonen-L\u00f6sungen f\u00fcr 11 verschiedene Kerne mit bis zu 32 Kan\u00e4len, interventionelle Kopfspulen, kundenspezifische L\u00f6sungen mit Medizinprodukte-Zulassung, PET-kompatible MR-Spulen\u00a0<em><strong>entwickelt und hergestellt in Rimpar, Deutschland<\/strong><\/em>.<\/p>\n","protected":false},"excerpt":{"rendered":"<p>Mehr als 1200 verschiedene Spulendesigns geliefert in mehr als 30 L\u00e4nder der Welt, Kompatibilit\u00e4t mit allen g\u00e4ngigen MR-Systemen, fundierte Erfahrung aus \u00fcber 20 Jahren Firmengeschichte in der Entwicklung und Herstellung von Volumenresonatoren, Oberfl\u00e4chenspulen und Phased Arrays f\u00fcr Niederfeldsysteme \u00fcber 9,4 T UHF Human- bis hin zu 21 T pr\u00e4klinischen NMR-Systemen, Nicht-Protonen-L\u00f6sungen f\u00fcr 11 verschiedene Kerne [&hellip;]<\/p>\n","protected":false},"author":1,"featured_media":13403,"parent":0,"menu_order":0,"comment_status":"closed","ping_status":"closed","template":"","meta":{"_acf_changed":false,"footnotes":""},"class_list":["post-8173","page","type-page","status-publish","has-post-thumbnail","czr-hentry"],"acf":[],"publishpress_future_workflow_manual_trigger":{"enabledWorkflows":[]},"_links":{"self":[{"href":"https:\/\/www.rapidbiomed.de\/de\/wp-json\/wp\/v2\/pages\/8173","targetHints":{"allow":["GET"]}}],"collection":[{"href":"https:\/\/www.rapidbiomed.de\/de\/wp-json\/wp\/v2\/pages"}],"about":[{"href":"https:\/\/www.rapidbiomed.de\/de\/wp-json\/wp\/v2\/types\/page"}],"author":[{"embeddable":true,"href":"https:\/\/www.rapidbiomed.de\/de\/wp-json\/wp\/v2\/users\/1"}],"replies":[{"embeddable":true,"href":"https:\/\/www.rapidbiomed.de\/de\/wp-json\/wp\/v2\/comments?post=8173"}],"version-history":[{"count":4,"href":"https:\/\/www.rapidbiomed.de\/de\/wp-json\/wp\/v2\/pages\/8173\/revisions"}],"predecessor-version":[{"id":9763,"href":"https:\/\/www.rapidbiomed.de\/de\/wp-json\/wp\/v2\/pages\/8173\/revisions\/9763"}],"wp:featuredmedia":[{"embeddable":true,"href":"https:\/\/www.rapidbiomed.de\/de\/wp-json\/wp\/v2\/media\/13403"}],"wp:attachment":[{"href":"https:\/\/www.rapidbiomed.de\/de\/wp-json\/wp\/v2\/media?parent=8173"}],"curies":[{"name":"wp","href":"https:\/\/api.w.org\/{rel}","templated":true}]}}