{"id":8157,"date":"2018-10-01T17:34:33","date_gmt":"2018-10-01T15:34:33","guid":{"rendered":"https:\/\/www.rapidbiomed.de\/?page_id=8157"},"modified":"2019-12-04T11:23:56","modified_gmt":"2019-12-04T10:23:56","slug":"stellen-bei-rapid-biomedical-gmbh","status":"publish","type":"page","link":"https:\/\/www.rapidbiomed.de\/de\/das-unternehmen\/stellen-bei-rapid-biomedical-gmbh\/","title":{"rendered":"Stellen bei RAPID Biomedical GmbH"},"content":{"rendered":"<p>Unsere Mitarbeiter w\u00e4hlen wir nicht nur aufgrund ihrer guten Ausbildung und Zeugnisse aus. Ebenso wichtig ist es uns, dass jede neue Kollegin und jeder neue Kollege auch als Mensch ins Team passt. Diese Regel hat uns ein \u00e4u\u00dferst angenehmes Betriebsklima bei h\u00f6chstem Qualit\u00e4tsstandard der Produkte bewahrt.<\/p>\n","protected":false},"excerpt":{"rendered":"<p>Unsere Mitarbeiter w\u00e4hlen wir nicht nur aufgrund ihrer guten Ausbildung und Zeugnisse aus. Ebenso wichtig ist es uns, dass jede neue Kollegin und jeder neue Kollege auch als Mensch ins Team passt. Diese Regel hat uns ein \u00e4u\u00dferst angenehmes Betriebsklima bei h\u00f6chstem Qualit\u00e4tsstandard der Produkte bewahrt.<\/p>\n","protected":false},"author":1,"featured_media":0,"parent":8177,"menu_order":0,"comment_status":"closed","ping_status":"open","template":"page-jobs.php","meta":{"_acf_changed":false,"footnotes":""},"class_list":["post-8157","page","type-page","status-publish","czr-hentry"],"acf":[],"publishpress_future_workflow_manual_trigger":{"enabledWorkflows":[]},"_links":{"self":[{"href":"https:\/\/www.rapidbiomed.de\/de\/wp-json\/wp\/v2\/pages\/8157","targetHints":{"allow":["GET"]}}],"collection":[{"href":"https:\/\/www.rapidbiomed.de\/de\/wp-json\/wp\/v2\/pages"}],"about":[{"href":"https:\/\/www.rapidbiomed.de\/de\/wp-json\/wp\/v2\/types\/page"}],"author":[{"embeddable":true,"href":"https:\/\/www.rapidbiomed.de\/de\/wp-json\/wp\/v2\/users\/1"}],"replies":[{"embeddable":true,"href":"https:\/\/www.rapidbiomed.de\/de\/wp-json\/wp\/v2\/comments?post=8157"}],"version-history":[{"count":12,"href":"https:\/\/www.rapidbiomed.de\/de\/wp-json\/wp\/v2\/pages\/8157\/revisions"}],"predecessor-version":[{"id":11793,"href":"https:\/\/www.rapidbiomed.de\/de\/wp-json\/wp\/v2\/pages\/8157\/revisions\/11793"}],"up":[{"embeddable":true,"href":"https:\/\/www.rapidbiomed.de\/de\/wp-json\/wp\/v2\/pages\/8177"}],"wp:attachment":[{"href":"https:\/\/www.rapidbiomed.de\/de\/wp-json\/wp\/v2\/media?parent=8157"}],"curies":[{"name":"wp","href":"https:\/\/api.w.org\/{rel}","templated":true}]}}