{"id":18140,"date":"2022-12-08T12:41:02","date_gmt":"2022-12-08T11:41:02","guid":{"rendered":"https:\/\/www.rapidbiomed.de\/?page_id=18140"},"modified":"2022-12-08T13:43:43","modified_gmt":"2022-12-08T12:43:43","slug":"1h-endorectal-coil-v2-0","status":"publish","type":"page","link":"https:\/\/www.rapidbiomed.de\/de\/service-und-download\/download-electronic-instructions-for-use-eifu\/eifu-archive\/1h-endorectal-coil-v2-0\/","title":{"rendered":"1H Endorectal Coil [v2.0]"},"content":{"rendered":"<h1><sup>1<\/sup>H Endorectal Coil<\/h1>\n<p>O-HLE-015-01899 f\u00fcr 1.5T GE MRT Systeme<\/p>\n<h2>Elektronische Gebrauchsanweisung (eIFU)<br \/>\nVersion 2.0<\/h2>\n<p><span style=\"font-size: 8pt;\"><a href=\"http:\/\/eur-lex.europa.eu\/LexUriServ\/LexUriServ.do?uri=OJ:L:2012:072:0028:0031:en:PDF\" target=\"_blank\" rel=\"noopener noreferrer\">gem\u00e4\u00df der VERORDNUNG (EU) Nr. 207\/2012 DER KOMMISSION<\/a><\/span><\/p>\n<table class=\"eIFU\">\n<tbody>\n<tr>\n<td style=\"width: 64px;\"><img decoding=\"async\" src=\"https:\/\/www.rapidbiomed.de\/media\/flags\/en.png\" \/><\/td>\n<td style=\"width: 147px;\">English<\/td>\n<td style=\"width: 46px;\">en<\/td>\n<td style=\"width: 298px;\"><a href=\"https:\/\/www.rapidbiomed.de\/wp-content\/uploads\/2019\/06\/FP76_IFU_ed2.0_en-2019-05-09.pdf\" target=\"_blank\" rel=\"noopener noreferrer\">FP76_IFU_ed2.0_en_2019-05-09<\/a><\/td>\n<\/tr>\n<tr>\n<td style=\"width: 64px;\"><img decoding=\"async\" src=\"https:\/\/www.rapidbiomed.de\/media\/flags\/pt-BR.png\" \/><\/td>\n<td style=\"width: 147px;\">Brazilian Portugese<\/td>\n<td style=\"width: 46px;\">pt-BR<\/td>\n<td style=\"width: 298px;\"><a href=\"https:\/\/www.rapidbiomed.de\/wp-content\/uploads\/2019\/06\/FP76_IFU_ed2.0_pt-BR-2019-05-09.pdf\" target=\"_blank\" rel=\"noopener noreferrer\">FP76_IFU_ed2.0_pt-BR-2019-05-09<\/a><\/td>\n<\/tr>\n<tr>\n<td style=\"width: 64px;\"><img decoding=\"async\" src=\"https:\/\/www.rapidbiomed.de\/media\/flags\/bg.png\" \/><\/td>\n<td style=\"width: 147px;\">Bulgarian<\/td>\n<td style=\"width: 46px;\">bg<\/td>\n<td style=\"width: 298px;\"><a href=\"https:\/\/www.rapidbiomed.de\/wp-content\/uploads\/2019\/06\/FP76_IFU_ed2.0_bg-2019-05-09.pdf\" target=\"_blank\" rel=\"noopener noreferrer\">FP76_IFU_ed2.0_bg 2019-05-09<\/a><\/td>\n<\/tr>\n<tr>\n<td style=\"width: 64px;\"><img decoding=\"async\" src=\"https:\/\/www.rapidbiomed.de\/media\/flags\/hr.png\" \/><\/td>\n<td style=\"width: 147px;\">Croatian<\/td>\n<td style=\"width: 46px;\">hr<\/td>\n<td style=\"width: 298px;\"><a href=\"https:\/\/www.rapidbiomed.de\/wp-content\/uploads\/2019\/06\/FP76_IFU_ed2.0_hr-2019-05-09.pdf\" target=\"_blank\" rel=\"noopener noreferrer\">FP76_IFU_ed2.0_hr 2019-05-09<\/a><\/td>\n<\/tr>\n<tr>\n<td style=\"width: 64px;\"><img decoding=\"async\" src=\"https:\/\/www.rapidbiomed.de\/media\/flags\/cs.png\" \/><\/td>\n<td style=\"width: 147px;\">Czech<\/td>\n<td style=\"width: 46px;\">cs<\/td>\n<td style=\"width: 298px;\"><a href=\"https:\/\/www.rapidbiomed.de\/wp-content\/uploads\/2019\/06\/FP76_IFU_ed2.0_cs-2019-05-09.pdf\" target=\"_blank\" rel=\"noopener noreferrer\">FP76_IFU_ed2.0_cs 2019-05-09<\/a><\/td>\n<\/tr>\n<tr>\n<td style=\"width: 64px;\"><img decoding=\"async\" src=\"https:\/\/www.rapidbiomed.de\/media\/flags\/da.png\" \/><\/td>\n<td style=\"width: 147px;\">Danish<\/td>\n<td style=\"width: 46px;\">da<\/td>\n<td style=\"width: 298px;\"><a href=\"https:\/\/www.rapidbiomed.de\/wp-content\/uploads\/2019\/06\/FP76_IFU_ed2.0_da-2019-05-09.pdf\" target=\"_blank\" rel=\"noopener noreferrer\">FP76_IFU_ed2.0_da 2019-05-09<\/a><\/td>\n<\/tr>\n<tr>\n<td style=\"width: 64px;\"><img decoding=\"async\" src=\"https:\/\/www.rapidbiomed.de\/media\/flags\/nl.png\" \/><\/td>\n<td style=\"width: 147px;\">Dutch<\/td>\n<td style=\"width: 46px;\">nl<\/td>\n<td style=\"width: 298px;\"><a href=\"https:\/\/www.rapidbiomed.de\/wp-content\/uploads\/2019\/06\/FP76_IFU_ed2.0_nl-2019-05-09.pdf\" target=\"_blank\" rel=\"noopener noreferrer\">FP76_IFU_ed2.0_nl 2019-05-09<\/a><\/td>\n<\/tr>\n<tr>\n<td style=\"width: 64px;\"><img decoding=\"async\" src=\"https:\/\/www.rapidbiomed.de\/media\/flags\/et.png\" \/><\/td>\n<td style=\"width: 147px;\">Estonian<\/td>\n<td style=\"width: 46px;\">et<\/td>\n<td style=\"width: 298px;\"><a href=\"https:\/\/www.rapidbiomed.de\/wp-content\/uploads\/2019\/06\/FP76_IFU_ed2.0_et-2019-05-09.pdf\" target=\"_blank\" rel=\"noopener noreferrer\">FP76_IFU_ed2.0_et 2019-05-09<\/a><\/td>\n<\/tr>\n<tr>\n<td style=\"width: 64px;\"><img decoding=\"async\" src=\"https:\/\/www.rapidbiomed.de\/media\/flags\/pt.png\" \/><\/td>\n<td style=\"width: 147px;\">European Portugese<\/td>\n<td style=\"width: 46px;\">pt<\/td>\n<td style=\"width: 298px;\"><a href=\"https:\/\/www.rapidbiomed.de\/wp-content\/uploads\/2019\/06\/FP76_IFU_ed2.0_pt-2019-05-09.pdf\" target=\"_blank\" rel=\"noopener noreferrer\">FP76_IFU_ed2.0_pt 2019-05-09<\/a><\/td>\n<\/tr>\n<tr>\n<td style=\"width: 64px;\"><img decoding=\"async\" src=\"https:\/\/www.rapidbiomed.de\/media\/flags\/fi.png\" \/><\/td>\n<td style=\"width: 147px;\">Finnish<\/td>\n<td style=\"width: 46px;\">fi<\/td>\n<td style=\"width: 298px;\"><a href=\"https:\/\/www.rapidbiomed.de\/wp-content\/uploads\/2019\/06\/FP76_IFU_ed2.0_fi-2019-05-09.pdf\" target=\"_blank\" rel=\"noopener noreferrer\">FP76_IFU_ed2.0_fi 2019-05-09<\/a><\/td>\n<\/tr>\n<tr>\n<td style=\"width: 64px;\"><img decoding=\"async\" src=\"https:\/\/www.rapidbiomed.de\/media\/flags\/fr.png\" \/><\/td>\n<td style=\"width: 147px;\">French<\/td>\n<td style=\"width: 46px;\">fr<\/td>\n<td style=\"width: 298px;\"><a href=\"https:\/\/www.rapidbiomed.de\/wp-content\/uploads\/2019\/06\/FP76_IFU_ed2.0_fr-2019-05-09.pdf\" target=\"_blank\" rel=\"noopener noreferrer\">FP76_IFU_ed2.0_fr 2019-05-09<\/a><\/td>\n<\/tr>\n<tr>\n<td style=\"width: 64px;\"><img decoding=\"async\" src=\"https:\/\/www.rapidbiomed.de\/media\/flags\/de.png\" \/><\/td>\n<td style=\"width: 147px;\">German<\/td>\n<td style=\"width: 46px;\">de<\/td>\n<td style=\"width: 298px;\"><a href=\"https:\/\/www.rapidbiomed.de\/wp-content\/uploads\/2019\/06\/FP76_IFU_ed2.0_de-2019-05-09.pdf\" target=\"_blank\" rel=\"noopener noreferrer\">FP76_IFU_ed2.0_de 2019-05-09<\/a><\/td>\n<\/tr>\n<tr>\n<td style=\"width: 64px;\"><img decoding=\"async\" src=\"https:\/\/www.rapidbiomed.de\/media\/flags\/el.png\" \/><\/td>\n<td style=\"width: 147px;\">Greek<\/td>\n<td style=\"width: 46px;\">el<\/td>\n<td style=\"width: 298px;\"><a href=\"https:\/\/www.rapidbiomed.de\/wp-content\/uploads\/2019\/06\/FP76_IFU_ed2.0_el-2019-05-09.pdf\" target=\"_blank\" rel=\"noopener noreferrer\">FP76_IFU_ed2.0_el 2019-05-09<\/a><\/td>\n<\/tr>\n<tr>\n<td style=\"width: 64px;\"><img decoding=\"async\" src=\"https:\/\/www.rapidbiomed.de\/media\/flags\/hu.png\" \/><\/td>\n<td style=\"width: 147px;\">Hungarian<\/td>\n<td style=\"width: 46px;\">hu<\/td>\n<td style=\"width: 298px;\"><a href=\"https:\/\/www.rapidbiomed.de\/wp-content\/uploads\/2019\/06\/FP76_IFU_ed2.0_hu-2019-05-09.pdf\" target=\"_blank\" rel=\"noopener noreferrer\">FP76_IFU_ed2.0_hu 2019-05-09<\/a><\/td>\n<\/tr>\n<tr>\n<td style=\"width: 64px;\"><img decoding=\"async\" src=\"https:\/\/www.rapidbiomed.de\/media\/flags\/id.png\" \/><\/td>\n<td style=\"width: 147px;\">Indonesian<\/td>\n<td style=\"width: 46px;\">id<\/td>\n<td style=\"width: 298px;\"><a href=\"https:\/\/www.rapidbiomed.de\/wp-content\/uploads\/2019\/06\/FP76_IFU_ed2.0_id-2019-05-09.pdf\" target=\"_blank\" rel=\"noopener noreferrer\">FP76_IFU_ed2.0_id 2019-05-09<\/a><\/td>\n<\/tr>\n<tr>\n<td style=\"width: 64px;\"><img decoding=\"async\" src=\"https:\/\/www.rapidbiomed.de\/media\/flags\/it.png\" \/><\/td>\n<td style=\"width: 147px;\">Italian<\/td>\n<td style=\"width: 46px;\">it<\/td>\n<td style=\"width: 298px;\"><a href=\"https:\/\/www.rapidbiomed.de\/wp-content\/uploads\/2019\/06\/FP76_IFU_ed2.0_it-2019-05-09.pdf\" target=\"_blank\" rel=\"noopener noreferrer\">FP76_IFU_ed2.0_it 2019-05-09<\/a><\/td>\n<\/tr>\n<tr>\n<td style=\"width: 64px;\"><img decoding=\"async\" src=\"https:\/\/www.rapidbiomed.de\/media\/flags\/ja.png\" \/><\/td>\n<td style=\"width: 147px;\">Japanese<\/td>\n<td style=\"width: 46px;\">ja<\/td>\n<td style=\"width: 298px;\"><a href=\"https:\/\/www.rapidbiomed.de\/wp-content\/uploads\/2019\/06\/FP76_IFU_ed2.0_ja-2019-05-09.pdf\" target=\"_blank\" rel=\"noopener noreferrer\">FP76_IFU_ed2.0_ja 2019-05-09<\/a><\/td>\n<\/tr>\n<tr>\n<td style=\"width: 64px;\"><img decoding=\"async\" src=\"https:\/\/www.rapidbiomed.de\/media\/flags\/kk.png\" \/><\/td>\n<td style=\"width: 147px;\">Kazakh<\/td>\n<td style=\"width: 46px;\">kk<\/td>\n<td style=\"width: 298px;\"><a href=\"https:\/\/www.rapidbiomed.de\/wp-content\/uploads\/2019\/06\/FP76_IFU_ed2.0_kk-2019-05-09.pdf\" target=\"_blank\" rel=\"noopener noreferrer\">FP76_IFU_ed2.0_kk 2019-05-09<\/a><\/td>\n<\/tr>\n<tr>\n<td style=\"width: 64px;\"><img decoding=\"async\" src=\"https:\/\/www.rapidbiomed.de\/media\/flags\/ko.png\" \/><\/td>\n<td style=\"width: 147px;\">Korean<\/td>\n<td style=\"width: 46px;\">ko<\/td>\n<td style=\"width: 298px;\"><a href=\"https:\/\/www.rapidbiomed.de\/wp-content\/uploads\/2019\/06\/FP76_IFU_ed2.0_ko-2019-05-09.pdf\" target=\"_blank\" rel=\"noopener noreferrer\">FP76_IFU_ed2.0_ko 2019-05-09<\/a><\/td>\n<\/tr>\n<tr>\n<td style=\"width: 64px;\"><img decoding=\"async\" src=\"https:\/\/www.rapidbiomed.de\/media\/flags\/lv.png\" \/><\/td>\n<td style=\"width: 147px;\">Latvian<\/td>\n<td style=\"width: 46px;\">lv<\/td>\n<td style=\"width: 298px;\"><a href=\"https:\/\/www.rapidbiomed.de\/wp-content\/uploads\/2019\/06\/FP76_IFU_ed2.0_lv-2019-05-09.pdf\" target=\"_blank\" rel=\"noopener noreferrer\">FP76_IFU_ed2.0_lv 2019-05-09<\/a><\/td>\n<\/tr>\n<tr>\n<td style=\"width: 64px;\"><img decoding=\"async\" src=\"https:\/\/www.rapidbiomed.de\/media\/flags\/lt.png\" \/><\/td>\n<td style=\"width: 147px;\">Lithuanian<\/td>\n<td style=\"width: 46px;\">lt<\/td>\n<td style=\"width: 298px;\"><a href=\"https:\/\/www.rapidbiomed.de\/wp-content\/uploads\/2019\/06\/FP76_IFU_ed2.0_lt-2019-05-09.pdf\" target=\"_blank\" rel=\"noopener noreferrer\">FP76_IFU_ed2.0_lt 2019-05-09<\/a><\/td>\n<\/tr>\n<tr>\n<td style=\"width: 64px;\"><img decoding=\"async\" src=\"https:\/\/www.rapidbiomed.de\/media\/flags\/no.png\" \/><\/td>\n<td style=\"width: 147px;\">Norwegian<\/td>\n<td style=\"width: 46px;\">no<\/td>\n<td style=\"width: 298px;\"><a href=\"https:\/\/www.rapidbiomed.de\/wp-content\/uploads\/2019\/06\/FP76_IFU_ed2.0_no-2019-05-09.pdf\" target=\"_blank\" rel=\"noopener noreferrer\">FP76_IFU_ed2.0_no 2019-05-09<\/a><\/td>\n<\/tr>\n<tr>\n<td style=\"width: 64px;\"><img decoding=\"async\" src=\"https:\/\/www.rapidbiomed.de\/media\/flags\/pl.png\" \/><\/td>\n<td style=\"width: 147px;\">Polish<\/td>\n<td style=\"width: 46px;\">pl<\/td>\n<td style=\"width: 298px;\"><a href=\"https:\/\/www.rapidbiomed.de\/wp-content\/uploads\/2019\/06\/FP76_IFU_ed2.0_pl-2019-05-09.pdf\" target=\"_blank\" rel=\"noopener noreferrer\">FP76_IFU_ed2.0_pl 2019-05-09<\/a><\/td>\n<\/tr>\n<tr>\n<td style=\"width: 64px;\"><img decoding=\"async\" src=\"https:\/\/www.rapidbiomed.de\/media\/flags\/ro.png\" \/><\/td>\n<td style=\"width: 147px;\">Romanian<\/td>\n<td style=\"width: 46px;\">ro<\/td>\n<td style=\"width: 298px;\"><a href=\"https:\/\/www.rapidbiomed.de\/wp-content\/uploads\/2019\/06\/FP76_IFU_ed2.0_ro-2019-05-09.pdf\" target=\"_blank\" rel=\"noopener noreferrer\">FP76_IFU_ed2.0_ro 2019-05-09<\/a><\/td>\n<\/tr>\n<tr>\n<td style=\"width: 64px;\"><img decoding=\"async\" src=\"https:\/\/www.rapidbiomed.de\/media\/flags\/ru.png\" \/><\/td>\n<td style=\"width: 147px;\">Russian<\/td>\n<td style=\"width: 46px;\">ru<\/td>\n<td style=\"width: 298px;\"><a href=\"https:\/\/www.rapidbiomed.de\/wp-content\/uploads\/2019\/06\/FP76_IFU_ed2.0_ru-2019-05-09.pdf\" target=\"_blank\" rel=\"noopener noreferrer\">FP76_IFU_ed2.0_ru 2019-05-09<\/a><\/td>\n<\/tr>\n<tr>\n<td style=\"width: 64px;\"><img decoding=\"async\" src=\"https:\/\/www.rapidbiomed.de\/media\/flags\/sr.png\" \/><\/td>\n<td style=\"width: 147px;\">Serbian<\/td>\n<td style=\"width: 46px;\">sr<\/td>\n<td style=\"width: 298px;\"><a href=\"https:\/\/www.rapidbiomed.de\/wp-content\/uploads\/2019\/06\/FP76_IFU_ed2.0_sr-2019-05-09.pdf\" target=\"_blank\" rel=\"noopener noreferrer\">FP76_IFU_ed2.0_sr 2019-05-09<\/a><\/td>\n<\/tr>\n<tr>\n<td style=\"width: 64px;\"><img decoding=\"async\" src=\"https:\/\/www.rapidbiomed.de\/media\/flags\/zh-s.png\" \/><\/td>\n<td style=\"width: 147px;\">Simplified Chinese<\/td>\n<td style=\"width: 46px;\">zh-s<\/td>\n<td style=\"width: 298px;\"><a href=\"https:\/\/www.rapidbiomed.de\/wp-content\/uploads\/2019\/06\/FP76_IFU_ed2.0_zh-s-2019-05-09.pdf\" target=\"_blank\" rel=\"noopener noreferrer\">FP76_IFU_ed2.0_zh-s 2019-05-09<\/a><\/td>\n<\/tr>\n<tr>\n<td style=\"width: 64px;\"><img decoding=\"async\" src=\"https:\/\/www.rapidbiomed.de\/media\/flags\/sk.png\" \/><\/td>\n<td style=\"width: 147px;\">Slovak<\/td>\n<td style=\"width: 46px;\">sk<\/td>\n<td style=\"width: 298px;\"><a href=\"https:\/\/www.rapidbiomed.de\/wp-content\/uploads\/2019\/06\/FP76_IFU_ed2.0_sk-2019-05-09.pdf\" target=\"_blank\" rel=\"noopener noreferrer\">FP76_IFU_ed2.0_sk 2019-05-09<\/a><\/td>\n<\/tr>\n<tr>\n<td style=\"width: 64px;\"><img decoding=\"async\" src=\"https:\/\/www.rapidbiomed.de\/media\/flags\/es.png\" \/><\/td>\n<td style=\"width: 147px;\">Spanish<\/td>\n<td style=\"width: 46px;\">es<\/td>\n<td style=\"width: 298px;\"><a href=\"https:\/\/www.rapidbiomed.de\/wp-content\/uploads\/2019\/06\/FP76_IFU_ed2.0_es-2019-05-09.pdf\" target=\"_blank\" rel=\"noopener noreferrer\">FP76_IFU_ed2.0_es 2019-05-09<\/a><\/td>\n<\/tr>\n<tr>\n<td style=\"width: 64px;\"><img decoding=\"async\" src=\"https:\/\/www.rapidbiomed.de\/media\/flags\/sv.png\" \/><\/td>\n<td style=\"width: 147px;\">Swedish<\/td>\n<td style=\"width: 46px;\">sv<\/td>\n<td style=\"width: 298px;\"><a href=\"https:\/\/www.rapidbiomed.de\/wp-content\/uploads\/2019\/06\/FP76_IFU_ed2.0_sv-2019-05-09.pdf\" target=\"_blank\" rel=\"noopener noreferrer\">FP76_IFU_ed2.0_sv 2019-05-09<\/a><\/td>\n<\/tr>\n<tr>\n<td style=\"width: 64px;\"><img decoding=\"async\" src=\"https:\/\/www.rapidbiomed.de\/media\/flags\/tr.png\" \/><\/td>\n<td style=\"width: 147px;\">Turkish<\/td>\n<td style=\"width: 46px;\">tr<\/td>\n<td style=\"width: 298px;\"><a href=\"https:\/\/www.rapidbiomed.de\/wp-content\/uploads\/2019\/06\/FP76_IFU_ed2.0_tr-2019-05-09.pdf\" target=\"_blank\" rel=\"noopener noreferrer\">FP76_IFU_ed2.0_tr 2019-05-09<\/a><\/td>\n<\/tr>\n<tr>\n<td style=\"width: 64px;\"><img decoding=\"async\" src=\"https:\/\/www.rapidbiomed.de\/media\/flags\/uk.png\" \/><\/td>\n<td style=\"width: 147px;\">Ukrainian<\/td>\n<td style=\"width: 46px;\">uk<\/td>\n<td style=\"width: 298px;\"><a href=\"https:\/\/www.rapidbiomed.de\/wp-content\/uploads\/2019\/06\/FP76_IFU_ed2.0_uk-2019-05-09.pdf\" target=\"_blank\" rel=\"noopener noreferrer\">FP76_IFU_ed2.0_uk 2019-05-09<\/a><\/td>\n<\/tr>\n<tr>\n<td style=\"width: 64px;\"><img decoding=\"async\" src=\"https:\/\/www.rapidbiomed.de\/media\/flags\/vi.png\" \/><\/td>\n<td style=\"width: 147px;\">Vietnamese<\/td>\n<td style=\"width: 46px;\">vi<\/td>\n<td style=\"width: 298px;\"><a href=\"https:\/\/www.rapidbiomed.de\/wp-content\/uploads\/2019\/06\/FP76_IFU_ed2.0_vi-2019-05-09.pdf\" target=\"_blank\" rel=\"noopener noreferrer\">FP76_IFU_ed2.0_vi 2019-05-09<\/a><\/td>\n<\/tr>\n<\/tbody>\n<\/table>\n<p>&nbsp;<\/p>\n<p>&nbsp;<\/p>\n<h2>Archiv von 1H Endocavitary Coil<\/h2>\n<p>Keine vorherigen Versionen verf\u00fcgbar.<\/p>\n<p>&nbsp;<\/p>\n","protected":false},"excerpt":{"rendered":"<p>1H Endorectal Coil O-HLE-015-01899 f\u00fcr 1.5T GE MRT Systeme Elektronische Gebrauchsanweisung (eIFU) Version 2.0 gem\u00e4\u00df der VERORDNUNG (EU) Nr. 207\/2012 DER KOMMISSION English en FP76_IFU_ed2.0_en_2019-05-09 Brazilian Portugese pt-BR FP76_IFU_ed2.0_pt-BR-2019-05-09 Bulgarian bg FP76_IFU_ed2.0_bg 2019-05-09 Croatian hr FP76_IFU_ed2.0_hr 2019-05-09 Czech cs FP76_IFU_ed2.0_cs 2019-05-09 Danish da FP76_IFU_ed2.0_da 2019-05-09 Dutch nl FP76_IFU_ed2.0_nl 2019-05-09 Estonian et FP76_IFU_ed2.0_et 2019-05-09 European Portugese [&hellip;]<\/p>\n","protected":false},"author":1,"featured_media":0,"parent":18181,"menu_order":0,"comment_status":"closed","ping_status":"closed","template":"page-eifu.php","meta":{"_acf_changed":false,"footnotes":""},"class_list":["post-18140","page","type-page","status-publish","czr-hentry"],"acf":[],"publishpress_future_workflow_manual_trigger":{"enabledWorkflows":[]},"_links":{"self":[{"href":"https:\/\/www.rapidbiomed.de\/de\/wp-json\/wp\/v2\/pages\/18140","targetHints":{"allow":["GET"]}}],"collection":[{"href":"https:\/\/www.rapidbiomed.de\/de\/wp-json\/wp\/v2\/pages"}],"about":[{"href":"https:\/\/www.rapidbiomed.de\/de\/wp-json\/wp\/v2\/types\/page"}],"author":[{"embeddable":true,"href":"https:\/\/www.rapidbiomed.de\/de\/wp-json\/wp\/v2\/users\/1"}],"replies":[{"embeddable":true,"href":"https:\/\/www.rapidbiomed.de\/de\/wp-json\/wp\/v2\/comments?post=18140"}],"version-history":[{"count":6,"href":"https:\/\/www.rapidbiomed.de\/de\/wp-json\/wp\/v2\/pages\/18140\/revisions"}],"predecessor-version":[{"id":18226,"href":"https:\/\/www.rapidbiomed.de\/de\/wp-json\/wp\/v2\/pages\/18140\/revisions\/18226"}],"up":[{"embeddable":true,"href":"https:\/\/www.rapidbiomed.de\/de\/wp-json\/wp\/v2\/pages\/18181"}],"wp:attachment":[{"href":"https:\/\/www.rapidbiomed.de\/de\/wp-json\/wp\/v2\/media?parent=18140"}],"curies":[{"name":"wp","href":"https:\/\/api.w.org\/{rel}","templated":true}]}}