{"id":10481,"date":"2019-05-21T12:50:58","date_gmt":"2019-05-21T10:50:58","guid":{"rendered":"https:\/\/www.rapidbiomed.de\/?page_id=10481"},"modified":"2022-12-08T12:59:37","modified_gmt":"2022-12-08T11:59:37","slug":"16ch-diagnostic-breast-coil-v4-0","status":"publish","type":"page","link":"https:\/\/www.rapidbiomed.de\/de\/service-und-download\/download-electronic-instructions-for-use-eifu\/eifu-archive\/16ch-diagnostic-breast-coil-v4-0\/","title":{"rendered":"3.0T 16 Kanal Diagnostische Brustspule [v3.0]"},"content":{"rendered":"<p>&nbsp;<\/p>\n<h1>3.0T 16 Kanal Diagnostische Brustspule<\/h1>\n<p>P-H16LE-030-01630 f\u00fcr GE 3.0T MR Systeme<\/p>\n<h2>Elektronische Gebrauchsanweisung (eIFU)<br \/>\nVersion 3.0<\/h2>\n<p><span style=\"font-size: 8pt;\"><a href=\"http:\/\/eur-lex.europa.eu\/LexUriServ\/LexUriServ.do?uri=OJ:L:2012:072:0028:0031:en:PDF\" target=\"_blank\" rel=\"noopener noreferrer\">gem\u00e4\u00df der VERORDNUNG (EU) Nr. 207\/2012 DER KOMMISSION<\/a><\/span><\/p>\n<table class=\"eIFU\">\n<tbody>\n<tr>\n<td style=\"width: 64px;\"><img decoding=\"async\" src=\"https:\/\/www.rapidbiomed.de\/media\/flags\/en.png\" \/><\/td>\n<td style=\"width: 119px;\">English<\/td>\n<td style=\"width: 38px;\">en<\/td>\n<td style=\"width: 292px;\"><a href=\"https:\/\/www.rapidbiomed.de\/wp-content\/uploads\/2020\/04\/FP78_IFU-3T_ed3.0_en.pdf\" target=\"_blank\" rel=\"noopener noreferrer\">FP78_IFU-3T_ed3.0_en<\/a><\/td>\n<\/tr>\n<tr>\n<td style=\"width: 64px;\"><img decoding=\"async\" src=\"https:\/\/www.rapidbiomed.de\/media\/flags\/pt-BR.png\" \/><\/td>\n<td style=\"width: 119px;\">Brazilian Portugese<\/td>\n<td style=\"width: 38px;\">pt-BR<\/td>\n<td style=\"width: 292px;\"><a href=\"https:\/\/www.rapidbiomed.de\/wp-content\/uploads\/2020\/04\/FP78_IFU-3T_ed3.0_pt-BR.pdf\" target=\"_blank\" rel=\"noopener noreferrer\">FP78_IFU-3T_ed3.0_pt-BR<\/a><\/td>\n<\/tr>\n<tr>\n<td style=\"width: 64px;\"><img decoding=\"async\" src=\"https:\/\/www.rapidbiomed.de\/media\/flags\/bg.png\" \/><\/td>\n<td style=\"width: 119px;\">Bulgarian<\/td>\n<td style=\"width: 38px;\">bg<\/td>\n<td style=\"width: 292px;\"><a href=\"https:\/\/www.rapidbiomed.de\/wp-content\/uploads\/2020\/04\/FP78_IFU-3T_ed3.0_bg.pdf\" target=\"_blank\" rel=\"noopener noreferrer\">FP78_IFU-3T_ed3.0_bg <\/a><\/td>\n<\/tr>\n<tr>\n<td style=\"width: 64px;\"><img decoding=\"async\" src=\"https:\/\/www.rapidbiomed.de\/media\/flags\/hr.png\" \/><\/td>\n<td style=\"width: 119px;\">Croatian<\/td>\n<td style=\"width: 38px;\">hr<\/td>\n<td style=\"width: 292px;\"><a href=\"https:\/\/www.rapidbiomed.de\/wp-content\/uploads\/2020\/04\/FP78_IFU-3T_ed3.0_hr.pdf\" target=\"_blank\" rel=\"noopener noreferrer\">FP78_IFU-3T_ed3.0_hr <\/a><\/td>\n<\/tr>\n<tr>\n<td style=\"width: 64px;\"><img decoding=\"async\" src=\"https:\/\/www.rapidbiomed.de\/media\/flags\/cs.png\" \/><\/td>\n<td style=\"width: 119px;\">Czech<\/td>\n<td style=\"width: 38px;\">cs<\/td>\n<td style=\"width: 292px;\"><a href=\"https:\/\/www.rapidbiomed.de\/wp-content\/uploads\/2020\/04\/FP78_IFU-3T_ed3.0_cs.pdf\" target=\"_blank\" rel=\"noopener noreferrer\">FP78_IFU-3T_ed3.0_cs <\/a><\/td>\n<\/tr>\n<tr>\n<td style=\"width: 64px;\"><img decoding=\"async\" src=\"https:\/\/www.rapidbiomed.de\/media\/flags\/da.png\" \/><\/td>\n<td style=\"width: 119px;\">Danish<\/td>\n<td style=\"width: 38px;\">da<\/td>\n<td style=\"width: 292px;\"><a href=\"https:\/\/www.rapidbiomed.de\/wp-content\/uploads\/2020\/04\/FP78_IFU-3T_ed3.0_da.pdf\" target=\"_blank\" rel=\"noopener noreferrer\">FP78_IFU-3T_ed3.0_da <\/a><\/td>\n<\/tr>\n<tr>\n<td style=\"width: 64px;\"><img decoding=\"async\" src=\"https:\/\/www.rapidbiomed.de\/media\/flags\/nl.png\" \/><\/td>\n<td style=\"width: 119px;\">Dutch<\/td>\n<td style=\"width: 38px;\">nl<\/td>\n<td style=\"width: 292px;\"><a href=\"https:\/\/www.rapidbiomed.de\/wp-content\/uploads\/2020\/04\/FP78_IFU-3T_ed3.0_nl.pdf\" target=\"_blank\" rel=\"noopener noreferrer\">FP78_IFU-3T_ed3.0_nl <\/a><\/td>\n<\/tr>\n<tr>\n<td style=\"width: 64px;\"><img decoding=\"async\" src=\"https:\/\/www.rapidbiomed.de\/media\/flags\/et.png\" \/><\/td>\n<td style=\"width: 119px;\">Estonian<\/td>\n<td style=\"width: 38px;\">et<\/td>\n<td style=\"width: 292px;\"><a href=\"https:\/\/www.rapidbiomed.de\/wp-content\/uploads\/2020\/04\/FP78_IFU-3T_ed3.0_et.pdf\" target=\"_blank\" rel=\"noopener noreferrer\">FP78_IFU-3T_ed3.0_et <\/a><\/td>\n<\/tr>\n<tr>\n<td style=\"width: 64px;\"><img decoding=\"async\" src=\"https:\/\/www.rapidbiomed.de\/media\/flags\/pt.png\" \/><\/td>\n<td style=\"width: 119px;\">European Portugese<\/td>\n<td style=\"width: 38px;\">pt<\/td>\n<td style=\"width: 292px;\"><a href=\"https:\/\/www.rapidbiomed.de\/wp-content\/uploads\/2020\/04\/FP78_IFU-3T_ed3.0_pt.pdf\" target=\"_blank\" rel=\"noopener noreferrer\">FP78_IFU-3T_ed3.0_pt <\/a><\/td>\n<\/tr>\n<tr>\n<td style=\"width: 64px;\"><img decoding=\"async\" src=\"https:\/\/www.rapidbiomed.de\/media\/flags\/fi.png\" \/><\/td>\n<td style=\"width: 119px;\">Finnish<\/td>\n<td style=\"width: 38px;\">fi<\/td>\n<td style=\"width: 292px;\"><a href=\"https:\/\/www.rapidbiomed.de\/wp-content\/uploads\/2020\/04\/FP78_IFU-3T_ed3.0_fi.pdf\" target=\"_blank\" rel=\"noopener noreferrer\">FP78_IFU-3T_ed3.0_fi <\/a><\/td>\n<\/tr>\n<tr>\n<td style=\"width: 64px;\"><img decoding=\"async\" src=\"https:\/\/www.rapidbiomed.de\/media\/flags\/fr.png\" \/><\/td>\n<td style=\"width: 119px;\">French<\/td>\n<td style=\"width: 38px;\">fr<\/td>\n<td style=\"width: 292px;\"><a href=\"https:\/\/www.rapidbiomed.de\/wp-content\/uploads\/2020\/04\/FP78_IFU-3T_ed3.0_fr.pdf\" target=\"_blank\" rel=\"noopener noreferrer\">FP78_IFU-3T_ed3.0_fr <\/a><\/td>\n<\/tr>\n<tr>\n<td style=\"width: 64px;\"><img decoding=\"async\" src=\"https:\/\/www.rapidbiomed.de\/media\/flags\/de.png\" \/><\/td>\n<td style=\"width: 119px;\">German<\/td>\n<td style=\"width: 38px;\">de<\/td>\n<td style=\"width: 292px;\"><a href=\"https:\/\/www.rapidbiomed.de\/wp-content\/uploads\/2020\/04\/FP78_IFU-3T_ed3.0_de.pdf\" target=\"_blank\" rel=\"noopener noreferrer\">FP78_IFU-3T_ed3.0_de <\/a><\/td>\n<\/tr>\n<tr>\n<td style=\"width: 64px;\"><img decoding=\"async\" src=\"https:\/\/www.rapidbiomed.de\/media\/flags\/el.png\" \/><\/td>\n<td style=\"width: 119px;\">Greek<\/td>\n<td style=\"width: 38px;\">el<\/td>\n<td style=\"width: 292px;\"><a href=\"https:\/\/www.rapidbiomed.de\/wp-content\/uploads\/2020\/04\/FP78_IFU-3T_ed3.0_el.pdf\" target=\"_blank\" rel=\"noopener noreferrer\">FP78_IFU-3T_ed3.0_el <\/a><\/td>\n<\/tr>\n<tr>\n<td style=\"width: 64px;\"><img decoding=\"async\" src=\"https:\/\/www.rapidbiomed.de\/media\/flags\/hu.png\" \/><\/td>\n<td style=\"width: 119px;\">Hungarian<\/td>\n<td style=\"width: 38px;\">hu<\/td>\n<td style=\"width: 292px;\"><a href=\"https:\/\/www.rapidbiomed.de\/wp-content\/uploads\/2020\/04\/FP78_IFU-3T_ed3.0_hu.pdf\" target=\"_blank\" rel=\"noopener noreferrer\">FP78_IFU-3T_ed3.0_hu <\/a><\/td>\n<\/tr>\n<tr>\n<td style=\"width: 64px;\"><img decoding=\"async\" src=\"https:\/\/www.rapidbiomed.de\/media\/flags\/id.png\" \/><\/td>\n<td style=\"width: 119px;\">Indonesian<\/td>\n<td style=\"width: 38px;\">id<\/td>\n<td style=\"width: 292px;\"><a href=\"https:\/\/www.rapidbiomed.de\/wp-content\/uploads\/2020\/04\/FP78_IFU-3T_ed3.0_id.pdf\" target=\"_blank\" rel=\"noopener noreferrer\">FP78_IFU-3T_ed3.0_id <\/a><\/td>\n<\/tr>\n<tr>\n<td style=\"width: 64px;\"><img decoding=\"async\" src=\"https:\/\/www.rapidbiomed.de\/media\/flags\/it.png\" \/><\/td>\n<td style=\"width: 119px;\">Italian<\/td>\n<td style=\"width: 38px;\">it<\/td>\n<td style=\"width: 292px;\"><a href=\"https:\/\/www.rapidbiomed.de\/wp-content\/uploads\/2020\/04\/FP78_IFU-3T_ed3.0_it.pdf\" target=\"_blank\" rel=\"noopener noreferrer\">FP78_IFU-3T_ed3.0_it <\/a><\/td>\n<\/tr>\n<tr>\n<td style=\"width: 64px;\"><img decoding=\"async\" src=\"https:\/\/www.rapidbiomed.de\/media\/flags\/ja.png\" \/><\/td>\n<td style=\"width: 119px;\">Japanese<\/td>\n<td style=\"width: 38px;\">ja<\/td>\n<td style=\"width: 292px;\"><a href=\"https:\/\/www.rapidbiomed.de\/wp-content\/uploads\/2020\/04\/FP78_IFU-3T_ed3.0_ja.pdf\" target=\"_blank\" rel=\"noopener noreferrer\">FP78_IFU-3T_ed3.0_ja <\/a><\/td>\n<\/tr>\n<tr>\n<td style=\"width: 64px;\"><img decoding=\"async\" src=\"https:\/\/www.rapidbiomed.de\/media\/flags\/kk.png\" \/><\/td>\n<td style=\"width: 119px;\">Kazakh<\/td>\n<td style=\"width: 38px;\">kk<\/td>\n<td style=\"width: 292px;\"><a href=\"https:\/\/www.rapidbiomed.de\/wp-content\/uploads\/2020\/04\/FP78_IFU-3T_ed3.0_kk.pdf\" target=\"_blank\" rel=\"noopener noreferrer\">FP78_IFU-3T_ed3.0_kk <\/a><\/td>\n<\/tr>\n<tr>\n<td style=\"width: 64px;\"><img decoding=\"async\" src=\"https:\/\/www.rapidbiomed.de\/media\/flags\/ko.png\" \/><\/td>\n<td style=\"width: 119px;\">Korean<\/td>\n<td style=\"width: 38px;\">ko<\/td>\n<td style=\"width: 292px;\"><a href=\"https:\/\/www.rapidbiomed.de\/wp-content\/uploads\/2020\/04\/FP78_IFU-3T_ed3.0_ko.pdf\" target=\"_blank\" rel=\"noopener noreferrer\">FP78_IFU-3T_ed3.0_ko <\/a><\/td>\n<\/tr>\n<tr>\n<td style=\"width: 64px;\"><img decoding=\"async\" src=\"https:\/\/www.rapidbiomed.de\/media\/flags\/lv.png\" \/><\/td>\n<td style=\"width: 119px;\">Latvian<\/td>\n<td style=\"width: 38px;\">lv<\/td>\n<td style=\"width: 292px;\"><a href=\"https:\/\/www.rapidbiomed.de\/wp-content\/uploads\/2020\/04\/FP78_IFU-3T_ed3.0_lv.pdf\" target=\"_blank\" rel=\"noopener noreferrer\">FP78_IFU-3T_ed3.0_lv <\/a><\/td>\n<\/tr>\n<tr>\n<td style=\"width: 64px;\"><img decoding=\"async\" src=\"https:\/\/www.rapidbiomed.de\/media\/flags\/lt.png\" \/><\/td>\n<td style=\"width: 119px;\">Lithuanian<\/td>\n<td style=\"width: 38px;\">lt<\/td>\n<td style=\"width: 292px;\"><a href=\"https:\/\/www.rapidbiomed.de\/wp-content\/uploads\/2020\/04\/FP78_IFU-3T_ed3.0_lt.pdf\" target=\"_blank\" rel=\"noopener noreferrer\">FP78_IFU-3T_ed3.0_lt <\/a><\/td>\n<\/tr>\n<tr>\n<td style=\"width: 64px;\"><img decoding=\"async\" src=\"https:\/\/www.rapidbiomed.de\/media\/flags\/no.png\" \/><\/td>\n<td style=\"width: 119px;\">Norwegian<\/td>\n<td style=\"width: 38px;\">no<\/td>\n<td style=\"width: 292px;\"><a href=\"https:\/\/www.rapidbiomed.de\/wp-content\/uploads\/2020\/04\/FP78_IFU-3T_ed3.0_no.pdf\" target=\"_blank\" rel=\"noopener noreferrer\">FP78_IFU-3T_ed3.0_no <\/a><\/td>\n<\/tr>\n<tr>\n<td style=\"width: 64px;\"><img decoding=\"async\" src=\"https:\/\/www.rapidbiomed.de\/media\/flags\/pl.png\" \/><\/td>\n<td style=\"width: 119px;\">Polish<\/td>\n<td style=\"width: 38px;\">pl<\/td>\n<td style=\"width: 292px;\"><a href=\"https:\/\/www.rapidbiomed.de\/wp-content\/uploads\/2020\/04\/FP78_IFU-3T_ed3.0_pl.pdf\" target=\"_blank\" rel=\"noopener noreferrer\">FP78_IFU-3T_ed3.0_pl <\/a><\/td>\n<\/tr>\n<tr>\n<td style=\"width: 64px;\"><img decoding=\"async\" src=\"https:\/\/www.rapidbiomed.de\/media\/flags\/ro.png\" \/><\/td>\n<td style=\"width: 119px;\">Romanian<\/td>\n<td style=\"width: 38px;\">ro<\/td>\n<td style=\"width: 292px;\"><a href=\"https:\/\/www.rapidbiomed.de\/wp-content\/uploads\/2020\/04\/FP78_IFU-3T_ed3.0_ro.pdf\" target=\"_blank\" rel=\"noopener noreferrer\">FP78_IFU-3T_ed3.0_ro <\/a><\/td>\n<\/tr>\n<tr>\n<td style=\"width: 64px;\"><img decoding=\"async\" src=\"https:\/\/www.rapidbiomed.de\/media\/flags\/ru.png\" \/><\/td>\n<td style=\"width: 119px;\">Russian<\/td>\n<td style=\"width: 38px;\">ru<\/td>\n<td style=\"width: 292px;\"><a href=\"https:\/\/www.rapidbiomed.de\/wp-content\/uploads\/2020\/04\/FP78_IFU-3T_ed3.0_ru.pdf\" target=\"_blank\" rel=\"noopener noreferrer\">FP78_IFU-3T_ed3.0_ru <\/a><\/td>\n<\/tr>\n<tr>\n<td style=\"width: 64px;\"><img decoding=\"async\" src=\"https:\/\/www.rapidbiomed.de\/media\/flags\/sr.png\" \/><\/td>\n<td style=\"width: 119px;\">Serbian<\/td>\n<td style=\"width: 38px;\">sr<\/td>\n<td style=\"width: 292px;\"><a href=\"https:\/\/www.rapidbiomed.de\/wp-content\/uploads\/2020\/04\/FP78_IFU-3T_ed3.0_sr.pdf\" target=\"_blank\" rel=\"noopener noreferrer\">FP78_IFU-3T_ed3.0_sr <\/a><\/td>\n<\/tr>\n<tr>\n<td style=\"width: 64px;\"><img decoding=\"async\" src=\"https:\/\/www.rapidbiomed.de\/media\/flags\/zh-s.png\" \/><\/td>\n<td style=\"width: 119px;\">Simplified Chinese<\/td>\n<td style=\"width: 38px;\">zh-s<\/td>\n<td style=\"width: 292px;\"><a href=\"https:\/\/www.rapidbiomed.de\/wp-content\/uploads\/2020\/04\/FP78_IFU-3T_ed3.0_zh-s.pdf\" target=\"_blank\" rel=\"noopener noreferrer\">FP78_IFU-3T_ed3.0_zh-s <\/a><\/td>\n<\/tr>\n<tr>\n<td style=\"width: 64px;\"><img decoding=\"async\" src=\"https:\/\/www.rapidbiomed.de\/media\/flags\/sk.png\" \/><\/td>\n<td style=\"width: 119px;\">Slovak<\/td>\n<td style=\"width: 38px;\">sk<\/td>\n<td style=\"width: 292px;\"><a href=\"https:\/\/www.rapidbiomed.de\/wp-content\/uploads\/2020\/04\/FP78_IFU-3T_ed3.0_sk.pdf\" target=\"_blank\" rel=\"noopener noreferrer\">FP78_IFU-3T_ed3.0_sk <\/a><\/td>\n<\/tr>\n<tr>\n<td style=\"width: 64px;\"><img decoding=\"async\" src=\"https:\/\/www.rapidbiomed.de\/media\/flags\/es.png\" \/><\/td>\n<td style=\"width: 119px;\">Spanish<\/td>\n<td style=\"width: 38px;\">es<\/td>\n<td style=\"width: 292px;\"><a href=\"https:\/\/www.rapidbiomed.de\/wp-content\/uploads\/2020\/04\/FP78_IFU-3T_ed3.0_es.pdf\" target=\"_blank\" rel=\"noopener noreferrer\">FP78_IFU-3T_ed3.0_es <\/a><\/td>\n<\/tr>\n<tr>\n<td style=\"width: 64px;\"><img decoding=\"async\" src=\"https:\/\/www.rapidbiomed.de\/media\/flags\/sv.png\" \/><\/td>\n<td style=\"width: 119px;\">Swedish<\/td>\n<td style=\"width: 38px;\">sv<\/td>\n<td style=\"width: 292px;\"><a href=\"https:\/\/www.rapidbiomed.de\/wp-content\/uploads\/2020\/04\/FP78_IFU-3T_ed3.0_sv.pdf\" target=\"_blank\" rel=\"noopener noreferrer\">FP78_IFU-3T_ed3.0_sv <\/a><\/td>\n<\/tr>\n<tr>\n<td style=\"width: 64px;\"><img decoding=\"async\" src=\"https:\/\/www.rapidbiomed.de\/media\/flags\/tr.png\" \/><\/td>\n<td style=\"width: 119px;\">Turkish<\/td>\n<td style=\"width: 38px;\">tr<\/td>\n<td style=\"width: 292px;\"><a href=\"https:\/\/www.rapidbiomed.de\/wp-content\/uploads\/2020\/04\/FP78_IFU-3T_ed3.0_tr.pdf\" target=\"_blank\" rel=\"noopener noreferrer\">FP78_IFU-3T_ed3.0_tr <\/a><\/td>\n<\/tr>\n<tr>\n<td style=\"width: 64px;\"><img decoding=\"async\" src=\"https:\/\/www.rapidbiomed.de\/media\/flags\/uk.png\" \/><\/td>\n<td style=\"width: 119px;\">Ukrainian<\/td>\n<td style=\"width: 38px;\">uk<\/td>\n<td style=\"width: 292px;\"><a href=\"https:\/\/www.rapidbiomed.de\/wp-content\/uploads\/2020\/04\/FP78_IFU-3T_ed3.0_uk.pdf\" target=\"_blank\" rel=\"noopener noreferrer\">FP78_IFU-3T_ed3.0_uk <\/a><\/td>\n<\/tr>\n<tr>\n<td style=\"width: 64px;\"><img decoding=\"async\" src=\"https:\/\/www.rapidbiomed.de\/media\/flags\/vi.png\" \/><\/td>\n<td style=\"width: 119px;\">Vietnamese<\/td>\n<td style=\"width: 38px;\">vi<\/td>\n<td style=\"width: 292px;\"><a href=\"https:\/\/www.rapidbiomed.de\/wp-content\/uploads\/2020\/04\/FP78_IFU-3T_ed3.0_vi.pdf\" target=\"_blank\" rel=\"noopener noreferrer\">FP78_IFU-3T_ed3.0_vi <\/a><\/td>\n<\/tr>\n<\/tbody>\n<\/table>\n<p>&nbsp;<\/p>\n<hr \/>\n<p>&nbsp;<\/p>\n<p>&nbsp;<\/p>\n<p>&nbsp;<\/p>\n<p>&nbsp;<\/p>\n<p>&nbsp;<\/p>\n<p>&nbsp;<\/p>\n<p>&nbsp;<\/p>\n<p>&nbsp;<\/p>\n<p>&nbsp;<\/p>\n<p>&nbsp;<\/p>\n<p>&nbsp;<\/p>\n<p>.<\/p>\n","protected":false},"excerpt":{"rendered":"<p>&nbsp; 3.0T 16 Kanal Diagnostische Brustspule P-H16LE-030-01630 f\u00fcr GE 3.0T MR Systeme Elektronische Gebrauchsanweisung (eIFU) Version 3.0 gem\u00e4\u00df der VERORDNUNG (EU) Nr. 207\/2012 DER KOMMISSION English en FP78_IFU-3T_ed3.0_en Brazilian Portugese pt-BR FP78_IFU-3T_ed3.0_pt-BR Bulgarian bg FP78_IFU-3T_ed3.0_bg Croatian hr FP78_IFU-3T_ed3.0_hr Czech cs FP78_IFU-3T_ed3.0_cs Danish da FP78_IFU-3T_ed3.0_da Dutch nl FP78_IFU-3T_ed3.0_nl Estonian et FP78_IFU-3T_ed3.0_et European Portugese pt FP78_IFU-3T_ed3.0_pt Finnish [&hellip;]<\/p>\n","protected":false},"author":5,"featured_media":0,"parent":18181,"menu_order":0,"comment_status":"closed","ping_status":"closed","template":"","meta":{"_acf_changed":false,"footnotes":""},"class_list":["post-10481","page","type-page","status-publish","czr-hentry"],"acf":[],"publishpress_future_workflow_manual_trigger":{"enabledWorkflows":[]},"_links":{"self":[{"href":"https:\/\/www.rapidbiomed.de\/de\/wp-json\/wp\/v2\/pages\/10481","targetHints":{"allow":["GET"]}}],"collection":[{"href":"https:\/\/www.rapidbiomed.de\/de\/wp-json\/wp\/v2\/pages"}],"about":[{"href":"https:\/\/www.rapidbiomed.de\/de\/wp-json\/wp\/v2\/types\/page"}],"author":[{"embeddable":true,"href":"https:\/\/www.rapidbiomed.de\/de\/wp-json\/wp\/v2\/users\/5"}],"replies":[{"embeddable":true,"href":"https:\/\/www.rapidbiomed.de\/de\/wp-json\/wp\/v2\/comments?post=10481"}],"version-history":[{"count":19,"href":"https:\/\/www.rapidbiomed.de\/de\/wp-json\/wp\/v2\/pages\/10481\/revisions"}],"predecessor-version":[{"id":18218,"href":"https:\/\/www.rapidbiomed.de\/de\/wp-json\/wp\/v2\/pages\/10481\/revisions\/18218"}],"up":[{"embeddable":true,"href":"https:\/\/www.rapidbiomed.de\/de\/wp-json\/wp\/v2\/pages\/18181"}],"wp:attachment":[{"href":"https:\/\/www.rapidbiomed.de\/de\/wp-json\/wp\/v2\/media?parent=10481"}],"curies":[{"name":"wp","href":"https:\/\/api.w.org\/{rel}","templated":true}]}}